{"id":30,"date":"2012-11-16T11:27:00","date_gmt":"2012-11-16T09:27:00","guid":{"rendered":"http:\/\/amwald.zechmeister.co.at\/?page_id=30"},"modified":"2024-11-28T12:51:34","modified_gmt":"2024-11-28T10:51:34","slug":"home","status":"publish","type":"page","link":"https:\/\/amwald.zechmeister.co.at\/?page_id=30","title":{"rendered":"Zimmer\/Appartement"},"content":{"rendered":"\n<h2>Doppelzimmer<\/h2>\n\n\n\n<p><\/p>\n\n\n\n<figure class=\"wp-block-gallery has-nested-images columns-default is-cropped\">\n<figure class=\"wp-block-image size-large\"><a href=\"https:\/\/amwald.zechmeister.co.at\/wp-content\/uploads\/2012\/11\/IMG_0399.jpg\"><img loading=\"lazy\" width=\"448\" height=\"336\" data-id=\"147\"  src=\"http:\/\/amwald.zechmeister.co.at\/wp-content\/uploads\/2012\/11\/IMG_0399.jpg\" alt=\"\" class=\"wp-image-147\" srcset=\"https:\/\/amwald.zechmeister.co.at\/wp-content\/uploads\/2012\/11\/IMG_0399.jpg 448w, https:\/\/amwald.zechmeister.co.at\/wp-content\/uploads\/2012\/11\/IMG_0399-300x224.jpg 300w, https:\/\/amwald.zechmeister.co.at\/wp-content\/uploads\/2012\/11\/IMG_0399-400x300.jpg 400w\" sizes=\"(max-width: 448px) 100vw, 448px\" \/><\/a><figcaption>Zimmer Toskana<\/figcaption><\/figure>\n\n\n\n<figure class=\"wp-block-image size-large\"><a href=\"https:\/\/amwald.zechmeister.co.at\/wp-content\/uploads\/2012\/11\/IMG_0403.jpg\"><img loading=\"lazy\" width=\"448\" height=\"336\" data-id=\"146\"  src=\"http:\/\/amwald.zechmeister.co.at\/wp-content\/uploads\/2012\/11\/IMG_0403.jpg\" alt=\"\" class=\"wp-image-146\" srcset=\"https:\/\/amwald.zechmeister.co.at\/wp-content\/uploads\/2012\/11\/IMG_0403.jpg 448w, https:\/\/amwald.zechmeister.co.at\/wp-content\/uploads\/2012\/11\/IMG_0403-300x224.jpg 300w, https:\/\/amwald.zechmeister.co.at\/wp-content\/uploads\/2012\/11\/IMG_0403-400x300.jpg 400w\" sizes=\"(max-width: 448px) 100vw, 448px\" \/><\/a><figcaption>Zimmer Innviertel<\/figcaption><\/figure>\n\n\n\n<figure class=\"wp-block-image size-large\"><a href=\"https:\/\/amwald.zechmeister.co.at\/wp-content\/uploads\/2024\/11\/20241128_113917-scaled.jpg\"><img loading=\"lazy\" width=\"1024\" height=\"478\" data-id=\"227\"  src=\"https:\/\/amwald.zechmeister.co.at\/wp-content\/uploads\/2024\/11\/20241128_113917-1024x478.jpg\" alt=\"\" class=\"wp-image-227\" srcset=\"https:\/\/amwald.zechmeister.co.at\/wp-content\/uploads\/2024\/11\/20241128_113917-1024x478.jpg 1024w, https:\/\/amwald.zechmeister.co.at\/wp-content\/uploads\/2024\/11\/20241128_113917-300x140.jpg 300w, https:\/\/amwald.zechmeister.co.at\/wp-content\/uploads\/2024\/11\/20241128_113917-768x359.jpg 768w, https:\/\/amwald.zechmeister.co.at\/wp-content\/uploads\/2024\/11\/20241128_113917-1536x717.jpg 1536w, https:\/\/amwald.zechmeister.co.at\/wp-content\/uploads\/2024\/11\/20241128_113917-2048x956.jpg 2048w, https:\/\/amwald.zechmeister.co.at\/wp-content\/uploads\/2024\/11\/20241128_113917-500x234.jpg 500w\" sizes=\"(max-width: 1024px) 100vw, 1024px\" \/><\/a><figcaption>Zimmer Rottal-Inn<\/figcaption><\/figure>\n<\/figure>\n\n\n\n<h2>Einzelzimmer<\/h2>\n\n\n\n<figure class=\"wp-block-gallery has-nested-images columns-default is-cropped\">\n<figure class=\"wp-block-image size-large\"><a href=\"http:\/\/amwald.zechmeister.co.at\/wp-content\/uploads\/2024\/11\/20241128_114455-scaled.jpg\"><img loading=\"lazy\" width=\"1024\" height=\"478\" data-id=\"230\"  src=\"http:\/\/amwald.zechmeister.co.at\/wp-content\/uploads\/2024\/11\/20241128_114455-1024x478.jpg\" alt=\"\" class=\"wp-image-230\" srcset=\"https:\/\/amwald.zechmeister.co.at\/wp-content\/uploads\/2024\/11\/20241128_114455-1024x478.jpg 1024w, https:\/\/amwald.zechmeister.co.at\/wp-content\/uploads\/2024\/11\/20241128_114455-300x140.jpg 300w, https:\/\/amwald.zechmeister.co.at\/wp-content\/uploads\/2024\/11\/20241128_114455-768x359.jpg 768w, https:\/\/amwald.zechmeister.co.at\/wp-content\/uploads\/2024\/11\/20241128_114455-1536x717.jpg 1536w, https:\/\/amwald.zechmeister.co.at\/wp-content\/uploads\/2024\/11\/20241128_114455-2048x956.jpg 2048w, https:\/\/amwald.zechmeister.co.at\/wp-content\/uploads\/2024\/11\/20241128_114455-500x234.jpg 500w\" sizes=\"(max-width: 1024px) 100vw, 1024px\" \/><\/a><\/figure>\n\n\n\n<figure class=\"wp-block-image size-large\"><a href=\"http:\/\/amwald.zechmeister.co.at\/wp-content\/uploads\/2024\/11\/20241128_114420-scaled.jpg\"><img loading=\"lazy\" width=\"1024\" height=\"478\" data-id=\"229\"  src=\"http:\/\/amwald.zechmeister.co.at\/wp-content\/uploads\/2024\/11\/20241128_114420-1024x478.jpg\" alt=\"\" class=\"wp-image-229\" srcset=\"https:\/\/amwald.zechmeister.co.at\/wp-content\/uploads\/2024\/11\/20241128_114420-1024x478.jpg 1024w, https:\/\/amwald.zechmeister.co.at\/wp-content\/uploads\/2024\/11\/20241128_114420-300x140.jpg 300w, https:\/\/amwald.zechmeister.co.at\/wp-content\/uploads\/2024\/11\/20241128_114420-768x359.jpg 768w, https:\/\/amwald.zechmeister.co.at\/wp-content\/uploads\/2024\/11\/20241128_114420-1536x717.jpg 1536w, https:\/\/amwald.zechmeister.co.at\/wp-content\/uploads\/2024\/11\/20241128_114420-2048x956.jpg 2048w, https:\/\/amwald.zechmeister.co.at\/wp-content\/uploads\/2024\/11\/20241128_114420-500x234.jpg 500w\" sizes=\"(max-width: 1024px) 100vw, 1024px\" \/><\/a><\/figure>\n<\/figure>\n\n\n\n<h2>K\u00fcche mit Essbereich<\/h2>\n\n\n\n<p>zur gemeinsamen Ben\u00fctzung. <\/p>\n\n\n\n<figure class=\"wp-block-gallery has-nested-images columns-default is-cropped\">\n<figure class=\"wp-block-image size-large\"><a href=\"https:\/\/amwald.zechmeister.co.at\/wp-content\/uploads\/2024\/11\/rossmannKueche-scaled.jpg\"><img loading=\"lazy\" width=\"2560\" height=\"1196\" data-id=\"212\"  src=\"http:\/\/amwald.zechmeister.co.at\/wp-content\/uploads\/2024\/11\/rossmannKueche-scaled.jpg\" alt=\"\" class=\"wp-image-212\" srcset=\"https:\/\/amwald.zechmeister.co.at\/wp-content\/uploads\/2024\/11\/rossmannKueche-scaled.jpg 2560w, https:\/\/amwald.zechmeister.co.at\/wp-content\/uploads\/2024\/11\/rossmannKueche-300x140.jpg 300w, https:\/\/amwald.zechmeister.co.at\/wp-content\/uploads\/2024\/11\/rossmannKueche-1024x478.jpg 1024w, https:\/\/amwald.zechmeister.co.at\/wp-content\/uploads\/2024\/11\/rossmannKueche-768x359.jpg 768w, https:\/\/amwald.zechmeister.co.at\/wp-content\/uploads\/2024\/11\/rossmannKueche-1536x717.jpg 1536w, https:\/\/amwald.zechmeister.co.at\/wp-content\/uploads\/2024\/11\/rossmannKueche-2048x956.jpg 2048w, https:\/\/amwald.zechmeister.co.at\/wp-content\/uploads\/2024\/11\/rossmannKueche-500x234.jpg 500w\" sizes=\"(max-width: 2560px) 100vw, 2560px\" \/><\/a><\/figure>\n\n\n\n<figure class=\"wp-block-image size-large\"><a href=\"https:\/\/amwald.zechmeister.co.at\/wp-content\/uploads\/2012\/11\/IMG_0405.jpg\"><img loading=\"lazy\" width=\"448\" height=\"336\" data-id=\"149\"  src=\"http:\/\/amwald.zechmeister.co.at\/wp-content\/uploads\/2012\/11\/IMG_0405.jpg\" alt=\"\" class=\"wp-image-149\" srcset=\"https:\/\/amwald.zechmeister.co.at\/wp-content\/uploads\/2012\/11\/IMG_0405.jpg 448w, https:\/\/amwald.zechmeister.co.at\/wp-content\/uploads\/2012\/11\/IMG_0405-300x224.jpg 300w, https:\/\/amwald.zechmeister.co.at\/wp-content\/uploads\/2012\/11\/IMG_0405-400x300.jpg 400w\" sizes=\"(max-width: 448px) 100vw, 448px\" \/><\/a><\/figure>\n<\/figure>\n\n\n\n<h2>Badezimmer<\/h2>\n\n\n\n<p>mit separater Toilette<\/p>\n\n\n\n<h2>Gartenchalet <\/h2>\n\n\n\n<p>mit eigener K\u00fcche, gro\u00dfz\u00fcgigem Wohn-, Ess- und&nbsp;Schlafbereich und Badezimmer mit extra WC<\/p>\n\n\n\n<figure class=\"wp-block-gallery has-nested-images columns-default is-cropped\">\n<figure class=\"wp-block-image size-large\"><a href=\"https:\/\/amwald.zechmeister.co.at\/wp-content\/uploads\/2013\/09\/Bild-1076.jpg\"><img loading=\"lazy\" width=\"448\" height=\"336\" data-id=\"172\"  src=\"http:\/\/amwald.zechmeister.co.at\/wp-content\/uploads\/2013\/09\/Bild-1076.jpg\" alt=\"\" class=\"wp-image-172\" srcset=\"https:\/\/amwald.zechmeister.co.at\/wp-content\/uploads\/2013\/09\/Bild-1076.jpg 448w, https:\/\/amwald.zechmeister.co.at\/wp-content\/uploads\/2013\/09\/Bild-1076-300x224.jpg 300w, https:\/\/amwald.zechmeister.co.at\/wp-content\/uploads\/2013\/09\/Bild-1076-400x300.jpg 400w\" sizes=\"(max-width: 448px) 100vw, 448px\" \/><\/a><\/figure>\n\n\n\n<figure class=\"wp-block-image size-large\"><a href=\"https:\/\/amwald.zechmeister.co.at\/wp-content\/uploads\/2012\/11\/IMG_0408.jpg\"><img loading=\"lazy\" width=\"448\" height=\"336\" data-id=\"155\"  src=\"http:\/\/amwald.zechmeister.co.at\/wp-content\/uploads\/2012\/11\/IMG_0408.jpg\" alt=\"\" class=\"wp-image-155\" srcset=\"https:\/\/amwald.zechmeister.co.at\/wp-content\/uploads\/2012\/11\/IMG_0408.jpg 448w, https:\/\/amwald.zechmeister.co.at\/wp-content\/uploads\/2012\/11\/IMG_0408-300x224.jpg 300w, https:\/\/amwald.zechmeister.co.at\/wp-content\/uploads\/2012\/11\/IMG_0408-400x300.jpg 400w\" sizes=\"(max-width: 448px) 100vw, 448px\" \/><\/a><\/figure>\n\n\n\n<figure class=\"wp-block-image size-large\"><a href=\"https:\/\/amwald.zechmeister.co.at\/wp-content\/uploads\/2012\/11\/IMG_0411.jpg\"><img loading=\"lazy\" width=\"448\" height=\"336\" data-id=\"154\"  src=\"http:\/\/amwald.zechmeister.co.at\/wp-content\/uploads\/2012\/11\/IMG_0411.jpg\" alt=\"\" class=\"wp-image-154\" srcset=\"https:\/\/amwald.zechmeister.co.at\/wp-content\/uploads\/2012\/11\/IMG_0411.jpg 448w, https:\/\/amwald.zechmeister.co.at\/wp-content\/uploads\/2012\/11\/IMG_0411-300x224.jpg 300w, https:\/\/amwald.zechmeister.co.at\/wp-content\/uploads\/2012\/11\/IMG_0411-400x300.jpg 400w\" sizes=\"(max-width: 448px) 100vw, 448px\" \/><\/a><\/figure>\n\n\n\n<figure class=\"wp-block-image size-large\"><a href=\"https:\/\/amwald.zechmeister.co.at\/wp-content\/uploads\/2012\/11\/Gartenhaus.jpg\"><img loading=\"lazy\" width=\"1552\" height=\"2592\" data-id=\"84\"  src=\"http:\/\/amwald.zechmeister.co.at\/wp-content\/uploads\/2012\/11\/Gartenhaus.jpg\" alt=\"\" class=\"wp-image-84\" srcset=\"https:\/\/amwald.zechmeister.co.at\/wp-content\/uploads\/2012\/11\/Gartenhaus.jpg 1552w, https:\/\/amwald.zechmeister.co.at\/wp-content\/uploads\/2012\/11\/Gartenhaus-179x300.jpg 179w, https:\/\/amwald.zechmeister.co.at\/wp-content\/uploads\/2012\/11\/Gartenhaus-613x1024.jpg 613w\" sizes=\"(max-width: 1552px) 100vw, 1552px\" \/><\/a><\/figure>\n\n\n\n<figure class=\"wp-block-image size-full\"><a href=\"http:\/\/amwald.zechmeister.co.at\/wp-content\/uploads\/2012\/11\/IMG_0388.jpg\"><img loading=\"lazy\" width=\"448\" height=\"336\" data-id=\"151\"  src=\"http:\/\/amwald.zechmeister.co.at\/wp-content\/uploads\/2012\/11\/IMG_0388.jpg\" alt=\"\" class=\"wp-image-151\" srcset=\"https:\/\/amwald.zechmeister.co.at\/wp-content\/uploads\/2012\/11\/IMG_0388.jpg 448w, https:\/\/amwald.zechmeister.co.at\/wp-content\/uploads\/2012\/11\/IMG_0388-300x224.jpg 300w, https:\/\/amwald.zechmeister.co.at\/wp-content\/uploads\/2012\/11\/IMG_0388-400x300.jpg 400w\" sizes=\"(max-width: 448px) 100vw, 448px\" \/><\/a><\/figure>\n<\/figure>\n","protected":false},"excerpt":{"rendered":"<p>Doppelzimmer Einzelzimmer K\u00fcche mit Essbereich zur gemeinsamen Ben\u00fctzung. Badezimmer mit separater Toilette Gartenchalet mit eigener K\u00fcche, gro\u00dfz\u00fcgigem Wohn-, Ess- und&nbsp;Schlafbereich und Badezimmer mit extra WC<\/p>\n","protected":false},"author":2,"featured_media":0,"parent":0,"menu_order":0,"comment_status":"closed","ping_status":"open","template":"","meta":{"_monsterinsights_skip_tracking":false,"_monsterinsights_sitenote_active":false,"_monsterinsights_sitenote_note":"","_monsterinsights_sitenote_category":0,"ngg_post_thumbnail":0},"_links":{"self":[{"href":"https:\/\/amwald.zechmeister.co.at\/index.php?rest_route=\/wp\/v2\/pages\/30"}],"collection":[{"href":"https:\/\/amwald.zechmeister.co.at\/index.php?rest_route=\/wp\/v2\/pages"}],"about":[{"href":"https:\/\/amwald.zechmeister.co.at\/index.php?rest_route=\/wp\/v2\/types\/page"}],"author":[{"embeddable":true,"href":"https:\/\/amwald.zechmeister.co.at\/index.php?rest_route=\/wp\/v2\/users\/2"}],"replies":[{"embeddable":true,"href":"https:\/\/amwald.zechmeister.co.at\/index.php?rest_route=%2Fwp%2Fv2%2Fcomments&post=30"}],"version-history":[{"count":44,"href":"https:\/\/amwald.zechmeister.co.at\/index.php?rest_route=\/wp\/v2\/pages\/30\/revisions"}],"predecessor-version":[{"id":235,"href":"https:\/\/amwald.zechmeister.co.at\/index.php?rest_route=\/wp\/v2\/pages\/30\/revisions\/235"}],"wp:attachment":[{"href":"https:\/\/amwald.zechmeister.co.at\/index.php?rest_route=%2Fwp%2Fv2%2Fmedia&parent=30"}],"curies":[{"name":"wp","href":"https:\/\/api.w.org\/{rel}","templated":true}]}}